{"id":3411,"date":"2026-03-21T22:02:02","date_gmt":"2026-03-21T22:02:02","guid":{"rendered":"https:\/\/inspecar.fr\/?page_id=3411"},"modified":"2026-04-10T08:21:06","modified_gmt":"2026-04-10T08:21:06","slug":"panier","status":"publish","type":"page","link":"https:\/\/inspecar.fr\/en\/panier\/","title":{"rendered":"Panier"},"content":{"rendered":"<div data-elementor-type=\"wp-page\" data-elementor-id=\"3411\" class=\"elementor elementor-3411\" data-elementor-post-type=\"page\">\n\t\t\t\t<div class=\"elementor-element elementor-element-5e11990 e-flex e-con-boxed e-con e-parent\" data-id=\"5e11990\" data-element_type=\"container\" data-e-type=\"container\" data-settings=\"{&quot;background_background&quot;:&quot;classic&quot;,&quot;jet_parallax_layout_list&quot;:[]}\">\n\t\t\t\t\t<div class=\"e-con-inner\">\n\t\t\t\t<div class=\"elementor-element elementor-element-f034b36 elementor-widget elementor-widget-jet-headline\" data-id=\"f034b36\" data-element_type=\"widget\" data-e-type=\"widget\" data-widget_type=\"jet-headline.default\">\n\t\t\t\t<div class=\"elementor-widget-container\">\n\t\t\t\t\t<h3 class=\"jet-headline jet-headline--direction-horizontal\"><span class=\"jet-headline__part jet-headline__second\"><span class=\"jet-headline__label\">R\u00e9sum\u00e9 de votre r\u00e9servation<\/span><\/span><\/h3>\t\t\t\t<\/div>\n\t\t\t\t<\/div>\n\t\t\t\t\t<\/div>\n\t\t\t\t<\/div>\n\t\t<div class=\"elementor-element elementor-element-e9e330b e-flex e-con-boxed e-con e-parent\" data-id=\"e9e330b\" data-element_type=\"container\" data-e-type=\"container\" data-settings=\"{&quot;jet_parallax_layout_list&quot;:[]}\">\n\t\t\t\t\t<div class=\"e-con-inner\">\n\t\t\t\t<div class=\"elementor-element elementor-element-9019c9e elementor-widget elementor-widget-mpd-cart-table\" data-id=\"9019c9e\" data-element_type=\"widget\" data-e-type=\"widget\" data-widget_type=\"mpd-cart-table.default\">\n\t\t\t\t<div class=\"elementor-widget-container\">\n\t\t\t\t\t<div class=\"mpd-cart-empty\"><p>Your cart is currently empty.<\/p><\/div>\t\t\t\t<\/div>\n\t\t\t\t<\/div>\n\t\t\t\t\t<\/div>\n\t\t\t\t<\/div>\n\t\t\t\t<\/div>","protected":false},"excerpt":{"rendered":"<p>R\u00e9sum\u00e9 de votre r\u00e9servation &nbsp; Product Price Subtotal &times; Essentiel 99,00&euro; 198,00&euro; Mettre \u00e0 jour<\/p>","protected":false},"author":1,"featured_media":0,"parent":0,"menu_order":0,"comment_status":"closed","ping_status":"closed","template":"elementor_header_footer","meta":{"_angie_page":false,"footnotes":""},"class_list":["post-3411","page","type-page","status-publish","hentry"],"_hostinger_reach_plugin_has_subscription_block":false,"_hostinger_reach_plugin_is_elementor":false,"_links":{"self":[{"href":"https:\/\/inspecar.fr\/en\/wp-json\/wp\/v2\/pages\/3411","targetHints":{"allow":["GET"]}}],"collection":[{"href":"https:\/\/inspecar.fr\/en\/wp-json\/wp\/v2\/pages"}],"about":[{"href":"https:\/\/inspecar.fr\/en\/wp-json\/wp\/v2\/types\/page"}],"author":[{"embeddable":true,"href":"https:\/\/inspecar.fr\/en\/wp-json\/wp\/v2\/users\/1"}],"replies":[{"embeddable":true,"href":"https:\/\/inspecar.fr\/en\/wp-json\/wp\/v2\/comments?post=3411"}],"version-history":[{"count":136,"href":"https:\/\/inspecar.fr\/en\/wp-json\/wp\/v2\/pages\/3411\/revisions"}],"predecessor-version":[{"id":3870,"href":"https:\/\/inspecar.fr\/en\/wp-json\/wp\/v2\/pages\/3411\/revisions\/3870"}],"wp:attachment":[{"href":"https:\/\/inspecar.fr\/en\/wp-json\/wp\/v2\/media?parent=3411"}],"curies":[{"name":"wp","href":"https:\/\/api.w.org\/{rel}","templated":true}]}}